{"id":592,"date":"2015-01-27T07:22:07","date_gmt":"2015-01-27T07:22:07","guid":{"rendered":"http:\/\/www.klimatyczestochowy.pl\/?page_id=592"},"modified":"2025-10-15T11:18:55","modified_gmt":"2025-10-15T11:18:55","slug":"polityka-prywatnosci","status":"publish","type":"page","link":"http:\/\/www.klimatyczestochowy.pl\/?page_id=592","title":{"rendered":"Polityka prywatno\u015bci"},"content":{"rendered":"<p><strong>Regulamin u\u017cytkowania i polityka prywatno\u015bci serwisu<\/strong><\/p>\n<p>Wszelkie prawa do zawarto\u015bci serwisu Urz\u0119du Miasta Cz\u0119stochowy <a href=\"http:\/\/www.klimatyczestochowy.pl\/\">http:\/\/www.klimatyczestochowy.pl\/<\/a> s\u0105 zastrze\u017cone. U\u017cytkownik ma prawo do pobierania oraz drukowania ca\u0142ych stron lub fragment\u00f3w portalu miasta Cz\u0119stochowy pod warunkiem nienaruszania praw autorskich oraz praw o rejestracji znak\u00f3w nale\u017c\u0105cych do Urz\u0119du Miasta Cz\u0119stochowy. \u017badna cz\u0119\u015b\u0107 serwisu nie mo\u017ce by\u0107 w ca\u0142o\u015bci lub cz\u0119\u015bci kopiowana w celach komercyjnych, transmitowana elektronicznie lub w inny spos\u00f3b modyfikowana, linkowana lub wykorzystana bez uprzedniej zgody Urz\u0119du Miasta Cz\u0119stochowy.<\/p>\n<p align=\"LEFT\"><strong>Cookie<\/strong><\/p>\n<p align=\"LEFT\">Poprzez pliki cookie (ciasteczka) nale\u017cy rozumie\u0107 dane informatyczne, w szczeg\u00f3lno\u015bci pliki tekstowe, przechowywane w urz\u0105dzeniach ko\u0144cowych u\u017cytkownik\u00f3w przeznaczone do korzystania ze stron internetowych. W serwisie\u00a0<a href=\"http:\/\/www.klimatyczestochowy.pl\/\">http:\/\/www.klimatyczestochowy.pl\/<\/a> za pomoc\u0105 technologii cookie zbierane s\u0105 jedynie anonimowe dane statystyczne o u\u017cytkownikach s\u0142u\u017c\u0105ce do poprawy wygody korzystania z portalu.<span style=\"color: #333333;\"><span style=\"font-family: Arial;\"><span style=\"font-size: small;\"><br \/>\n<\/span><\/span><\/span><\/p>\n<p><strong>Kontakt<\/strong><\/p>\n<p>U\u017cytkownicy, kt\u00f3rzy maj\u0105 pytania dotycz\u0105ce niniejszej deklaracji ochrony prywatno\u015bci, praktyk stosowanych na tej stronie, czy te\u017c sposob\u00f3w utrzymywania z ni\u0105 kontakt\u00f3w, proszone s\u0105 o wys\u0142anie uwag pod adres:\u00a0<a href=\"mailto:webmaster@czestochowa.pl\">webmaster@czestochowa.pl<\/a>.<\/p>\n<p>Korzystaj\u0105c z serwis\u00f3w internetowych Urz\u0119du Miasta Cz\u0119stochowy akceptujecie Pa\u0144stwo zasady zawarte w polityce prywatno\u015bci portalu <a href=\"http:\/\/www.klimatyczestochowy.pl\">http:\/\/www.klimatyczestochowy.pl<\/a><\/p>\n<p>W przypadku zmiany obowi\u0105zuj\u0105cej polityki prywatno\u015bci w portalu\u00a0\u00a0<a href=\"http:\/\/www.klimatyczestochowy.pl\/\">http:\/\/www.klimatyczestochowy.pl\/<\/a>, wprowadzone zostan\u0105 odpowiednie modyfikacje do powy\u017cszego zapisu.<\/p>\n","protected":false},"excerpt":{"rendered":"<p>Regulamin u\u017cytkowania i polityka prywatno\u015bci serwisu Wszelkie prawa do zawarto\u015bci serwisu Urz\u0119du Miasta Cz\u0119stochowy http:\/\/www.klimatyczestochowy.pl\/ s\u0105 zastrze\u017cone. U\u017cytkownik ma prawo do pobierania oraz drukowania ca\u0142ych stron lub fragment\u00f3w portalu miasta Cz\u0119stochowy pod warunkiem nienaruszania praw autorskich oraz praw o rejestracji znak\u00f3w nale\u017c\u0105cych do Urz\u0119du Miasta Cz\u0119stochowy. \u017badna cz\u0119\u015b\u0107 serwisu nie mo\u017ce by\u0107 w ca\u0142o\u015bci lub [&hellip;]<\/p>\n","protected":false},"author":1,"featured_media":0,"parent":0,"menu_order":0,"comment_status":"open","ping_status":"open","template":"","meta":{"footnotes":""},"class_list":["post-592","page","type-page","status-publish","hentry"],"_links":{"self":[{"href":"http:\/\/www.klimatyczestochowy.pl\/index.php?rest_route=\/wp\/v2\/pages\/592","targetHints":{"allow":["GET"]}}],"collection":[{"href":"http:\/\/www.klimatyczestochowy.pl\/index.php?rest_route=\/wp\/v2\/pages"}],"about":[{"href":"http:\/\/www.klimatyczestochowy.pl\/index.php?rest_route=\/wp\/v2\/types\/page"}],"author":[{"embeddable":true,"href":"http:\/\/www.klimatyczestochowy.pl\/index.php?rest_route=\/wp\/v2\/users\/1"}],"replies":[{"embeddable":true,"href":"http:\/\/www.klimatyczestochowy.pl\/index.php?rest_route=%2Fwp%2Fv2%2Fcomments&post=592"}],"version-history":[{"count":6,"href":"http:\/\/www.klimatyczestochowy.pl\/index.php?rest_route=\/wp\/v2\/pages\/592\/revisions"}],"predecessor-version":[{"id":1667,"href":"http:\/\/www.klimatyczestochowy.pl\/index.php?rest_route=\/wp\/v2\/pages\/592\/revisions\/1667"}],"wp:attachment":[{"href":"http:\/\/www.klimatyczestochowy.pl\/index.php?rest_route=%2Fwp%2Fv2%2Fmedia&parent=592"}],"curies":[{"name":"wp","href":"https:\/\/api.w.org\/{rel}","templated":true}]}}