{"id":22,"date":"2014-12-04T10:42:53","date_gmt":"2014-12-04T10:42:53","guid":{"rendered":"http:\/\/czestochowianie.home.pl\/klimaty\/?page_id=22"},"modified":"2024-07-15T07:06:33","modified_gmt":"2024-07-15T07:06:33","slug":"kontakt","status":"publish","type":"page","link":"http:\/\/www.klimatyczestochowy.pl\/?page_id=22","title":{"rendered":"Kontakt"},"content":{"rendered":"\n\n\n<article id=\"single-page\" class=\"clearfix\">\n<div class=\"entry clearfix\">\n<p><span style=\"color: #eb0000;\">Wydzia\u0142 Informacji i Komunikacji Urz\u0119du Miasta Cz\u0119stochowy<\/span><br>ul. \u015al\u0105ska 11\/13, 42-215 Cz\u0119stochowa,<br>tel. 34 3707 348<br>e-mail: klimaty@czestochowa.um.gov.pl<\/p>\n\n<\/div>\n<\/article>\n","protected":false},"excerpt":{"rendered":"<p>Wydzia\u0142 Informacji i Komunikacji Urz\u0119du Miasta Cz\u0119stochowyul. \u015al\u0105ska 11\/13, 42-215 Cz\u0119stochowa,tel. 34 3707 348e-mail: klimaty@czestochowa.um.gov.pl<\/p>\n","protected":false},"author":1,"featured_media":0,"parent":0,"menu_order":0,"comment_status":"open","ping_status":"open","template":"","meta":{"footnotes":""},"class_list":["post-22","page","type-page","status-publish","hentry"],"_links":{"self":[{"href":"http:\/\/www.klimatyczestochowy.pl\/index.php?rest_route=\/wp\/v2\/pages\/22","targetHints":{"allow":["GET"]}}],"collection":[{"href":"http:\/\/www.klimatyczestochowy.pl\/index.php?rest_route=\/wp\/v2\/pages"}],"about":[{"href":"http:\/\/www.klimatyczestochowy.pl\/index.php?rest_route=\/wp\/v2\/types\/page"}],"author":[{"embeddable":true,"href":"http:\/\/www.klimatyczestochowy.pl\/index.php?rest_route=\/wp\/v2\/users\/1"}],"replies":[{"embeddable":true,"href":"http:\/\/www.klimatyczestochowy.pl\/index.php?rest_route=%2Fwp%2Fv2%2Fcomments&post=22"}],"version-history":[{"count":10,"href":"http:\/\/www.klimatyczestochowy.pl\/index.php?rest_route=\/wp\/v2\/pages\/22\/revisions"}],"predecessor-version":[{"id":1504,"href":"http:\/\/www.klimatyczestochowy.pl\/index.php?rest_route=\/wp\/v2\/pages\/22\/revisions\/1504"}],"wp:attachment":[{"href":"http:\/\/www.klimatyczestochowy.pl\/index.php?rest_route=%2Fwp%2Fv2%2Fmedia&parent=22"}],"curies":[{"name":"wp","href":"https:\/\/api.w.org\/{rel}","templated":true}]}}