{"id":1140,"date":"2020-09-23T06:47:03","date_gmt":"2020-09-23T06:47:03","guid":{"rendered":"http:\/\/www.klimatyczestochowy.pl\/?page_id=1140"},"modified":"2026-03-24T08:20:59","modified_gmt":"2026-03-24T08:20:59","slug":"deklaracja-dostepnosci","status":"publish","type":"page","link":"http:\/\/www.klimatyczestochowy.pl\/?page_id=1140","title":{"rendered":"Deklaracja dost\u0119pno\u015bci"},"content":{"rendered":"<section id=\"a11y-wstep\"><span id=\"a11y-podmiot\">Urz\u0105d Miasta Cz\u0119stochowa<\/span> zobowi\u0105zuje si\u0119 zapewni\u0107 dost\u0119pno\u015b\u0107 swojej <span id=\"a11y-zakres\">strony internetowej<\/span> zgodnie z ustaw\u0105 z dnia 4 kwietnia 2019 r. o dost\u0119pno\u015bci cyfrowej stron internetowych i aplikacji mobilnych podmiot\u00f3w publicznych. Deklaracja dost\u0119pno\u015bci dotyczy strony <a id=\"a11y-url\" href=\"http:\/\/www.klimatyczestochowy.pl\/\" target=\"_blank\" rel=\"noopener\"> http:\/\/www.klimatyczestochowy.pl\/.<\/a><\/section>\n<section>\n<ul>\n<li>Data publikacji strony internetowej: <time id=\"a11y-data-publikacja\" datetime=\"2014-12-04.\">2014-12-04<\/time><\/li>\n<li>Data ostatniej istotnej aktualizacji: <time id=\"a11y-data-aktualizacja\" datetime=\"2018-07-03\">2025-09-25<\/time><\/li>\n<\/ul>\n<\/section>\n<section>\n<h2>Stan dost\u0119pno\u015bci cyfrowej<\/h2>\n<p id=\"a11y-status\">Ta strona internetowa jest cz\u0119\u015bciowo zgodna z za\u0142\u0105cznikiem do ustawy o dost\u0119pno\u015bci cyfrowej z dnia 4 kwietnia 2019 r. o dost\u0119pno\u015bci cyfrowej stron internetowych i aplikacji mobilnych podmiot\u00f3w publicznych z powodu [niezgodno\u015bci i wy\u0142\u0105cze\u0144] wymienionych poni\u017cej.<\/p>\n<\/section>\n<section>\n<h2>Niedost\u0119pne tre\u015bci<\/h2>\n<section>\n<h3>Niezgodno\u015b\u0107 z za\u0142\u0105cznikiem<\/h3>\n<ul>\n<li>Brak odpowiedniej struktury nag\u0142\u00f3wkowej strony.<\/li>\n<li>Niekt\u00f3re elementy strony nie maj\u0105 odpowiedniego kontrastu.<\/li>\n<li>Brak informacji o otwarciu linku w nowej karcie przegl\u0105darki.<\/li>\n<\/ul>\n<\/section>\n<section>\n<h3>Tre\u015bci nieobj\u0119te przepisami<\/h3>\n<ul>\n<li>Dokumenty tekstowe i tekstowo-graficzne, dokumenty utworzone w programach przeznaczonych do tworzenia prezentacji lub arkuszy kalkulacyjnych, opublikowane przed dniem 23 wrze\u015bnia 2018 r. s\u0105 wy\u0142\u0105czone z obowi\u0105zku zapewniania dost\u0119pno\u015bci.<\/li>\n<li>Pliki wytworzone przez inne podmioty ni\u017c Urz\u0105d Miasta Cz\u0119stochowy i przekazane do publikacji w formie papierowej lub skan\u00f3w nie s\u0105 dost\u0119pne z uwagi na brak dost\u0119pu do danych \u017ar\u00f3d\u0142owych.<\/li>\n<\/ul>\n<\/section>\n<\/section>\n<section>\n<h2>Przygotowanie deklaracji dost\u0119pno\u015bci<\/h2>\n<ul>\n<li>Data sporz\u0105dzenia deklaracji: <time id=\"a11y-data-sporzadzenie\" datetime=\"2020-09-22\"> 2020-09-22<\/time><\/li>\n<li>Data ostatniego przegl\u0105du deklaracji: <time id=\"a11y-data-przeglad\" datetime=\"2026-03-24\"> 2026-03-24<\/time><\/li>\n<\/ul>\n<p>Deklaracj\u0119 sporz\u0105dzili\u015bmy na podstawie samooceny w oparciu o <a href=\"https:\/\/www.gov.pl\/attachment\/1a3e2bb5-6d60-4897-ac2f-07a8e91e70ed\">List\u0119 kontroln\u0105 do badania dost\u0119pno\u015bci cyfrowej strony internetowej v. 2.2 (docx, 0,12MB)<\/a>.<\/p>\n<\/section>\n<section>\n<h2>Skr\u00f3ty klawiszowe<\/h2>\n<ul>\n<li>Na stronie internetowej mo\u017cna korzysta\u0107 ze standardowych skr\u00f3t\u00f3w klawiaturowych.Opr\u00f3cz myszki po witrynie mo\u017cna si\u0119 porusza\u0107 za pomoc\u0105 klawiatury. Klawisz &#8222;TAB&#8221; przesunie fokus do ka\u017cdej z opcji nawigacji lub link\u00f3w na ekranie.U\u017cywaj\u0105c strza\u0142ek &#8222;w d\u00f3\u0142&#8221; i &#8222;w g\u00f3r\u0119&#8221; mo\u017cna przewija\u0107 stron\u0119. U\u0142atwienia dla os\u00f3b niedowidz\u0105cych: wersja kontrastowa strony.<\/li>\n<\/ul>\n<\/section>\n<section>\n<h2>Informacje zwrotne i dane kontaktowe<\/h2>\n<p>Wszystkie problemy z dost\u0119pno\u015bci\u0105 cyfrow\u0105 tej strony internetowej mo\u017cesz zg\u0142osi\u0107 do <span id=\"a11y-kontakt\">Marta Teper<\/span> &#8211; mejlowo <a id=\"a11y-email\" href=\"mailto:dostepnosc@czestochowa.um.gov.pl\">dostepnosc@czestochowa.um.gov.pl<\/a> lub telefonicznie <a id=\"a11y-telefon\" href=\"tel:343707594\">34 37 07 594<\/a>.<\/p>\n<p>Ka\u017cdy ma prawo wyst\u0105pi\u0107 z \u017c\u0105daniem zapewnienia dost\u0119pno\u015bci cyfrowej tej strony internetowej lub jej element\u00f3w.<\/p>\n<p>Zg\u0142aszaj\u0105c takie \u017c\u0105danie podaj:<\/p>\n<ul>\n<li>swoje imi\u0119 i nazwisko,<\/li>\n<li>swoje dane kontaktowe (np. numer telefonu, e-mail),<\/li>\n<li>dok\u0142adny adres strony internetowej, na kt\u00f3rej jest niedost\u0119pny cyfrowo element lub tre\u015b\u0107,<\/li>\n<li>opis na czym polega problem i jaki spos\u00f3b jego rozwi\u0105zania by\u0142by dla Ciebie najwygodniejszy.<\/li>\n<\/ul>\n<p>Na Twoje zg\u0142oszenie odpowiemy najszybciej jak to mo\u017cliwe, nie p\u00f3\u017aniej ni\u017c w ci\u0105gu 7 dni od jego otrzymania.<\/p>\n<p>Je\u017celi ten termin b\u0119dzie dla nas zbyt kr\u00f3tki poinformujemy Ci\u0119 o tym. W tej informacji podamy nowy termin, do kt\u00f3rego poprawimy zg\u0142oszone przez Ciebie b\u0142\u0119dy lub przygotujemy informacje w alternatywny spos\u00f3b. Ten nowy termin nie b\u0119dzie d\u0142u\u017cszy ni\u017c 2 miesi\u0105ce.<\/p>\n<p>Je\u017celi nie b\u0119dziemy w stanie zapewni\u0107 dost\u0119pno\u015bci cyfrowej strony internetowej lub tre\u015bci, wskazanej w Twoim \u017c\u0105daniu, zaproponujemy Ci dost\u0119p do nich w alternatywny spos\u00f3b.<\/p>\n<\/section>\n<section id=\"a11y-procedura\">\n<h2>Obs\u0142uga wniosk\u00f3w i skarg zwi\u0105zanych z dost\u0119pno\u015bci\u0105<\/h2>\n<p>Je\u017celi w odpowiedzi na Tw\u00f3j wniosek o zapewnienie dost\u0119pno\u015bci cyfrowej, odm\u00f3wimy zapewnienia \u017c\u0105danej przez Ciebie dost\u0119pno\u015bci cyfrowej, a Ty nie zgadzasz si\u0119 z t\u0105 odmow\u0105, masz prawo z\u0142o\u017cy\u0107 skarg\u0119.<\/p>\n<p>Skarg\u0119 masz prawo z\u0142o\u017cy\u0107 tak\u017ce, je\u015bli nie zgadzasz si\u0119 na skorzystanie z alternatywnego sposobu dost\u0119pu, kt\u00f3ry zaproponowali\u015bmy Ci w odpowiedzi na Tw\u00f3j wniosek o zapewnienie dost\u0119pno\u015bci cyfrowej.<\/p>\n<p>Ewentualn\u0105 skarg\u0119 z\u0142\u00f3\u017c listownie lub mailem do kierownictwa naszego urz\u0119du:<\/p>\n<ul>\n<li><span id=\"a11y-procedura-kierownik\">Prezydent Miasta Cz\u0119stochowy<\/span>,<\/li>\n<li>Adres: <span id=\"a11y-procedura-adres\">ul. \u015al\u0105ska 11\/13 42-217 Cz\u0119stochowa<\/span>,<\/li>\n<li>mejl: <a id=\"a11y-procedura-email\" href=\"mailto:info@czestochowa.um.gov.pl\">info@czestochowa.um.gov.pl<\/a><\/li>\n<\/ul>\n<p><a href=\"https:\/\/www.gov.pl\/web\/gov\/zloz-wniosek-o-zapewnienie-dostepnosci-cyfrowej-strony-internetowej-lub-aplikacji-mobilnej\">Pomocne mog\u0105 by\u0107 informacje, kt\u00f3re mo\u017cna znale\u017a\u0107 na rz\u0105dowym portalu gov.pl<\/a>.<\/p>\n<p>Mo\u017cesz tak\u017ce poinformowa\u0107 o tej sytuacji <a href=\"https:\/\/bip.brpo.gov.pl\/\">Rzecznika Praw Obywatelskich<\/a> i poprosi\u0107 o interwencj\u0119 w Twojej sprawie.<\/p>\n<\/section>\n<section>\n<h2>Pozosta\u0142e informacje<\/h2>\n<section id=\"a11y-architektura\">\n<h3>Dost\u0119pno\u015b\u0107 architektoniczna<\/h3>\n<section>Szczeg\u00f3\u0142owe informacje dotycz\u0105ce dost\u0119pno\u015bci architektonicznej znajduj\u0105 si\u0119 na stronie: <a id=\"a11y-architektura-url\" href=\"https:\/\/bip.czestochowa.pl\/artykul\/71377\/1166336\/dostepnosc-architektoniczna-budynkow-urzedu-miasta-czestochowy\" target=\"_blank\" rel=\"noopener\">Dost\u0119pno\u015b\u0107 architektoniczna budynk\u00f3w Urz\u0119du Miasta Cz\u0119stochowy<\/a><\/section>\n<\/section>\n<section id=\"a11y-komunikacja\">\n<h3>Dost\u0119pno\u015b\u0107 komunikacyjno-informacyjna<\/h3>\n<ul>\n<li>W budynku Urz\u0119du Miasta Cz\u0119stochowy przy ul. \u015al\u0105skiej 11\/13 w Informacji Og\u00f3lnej (parter) znajduje si\u0119 p\u0119tla indukcyjna dla os\u00f3b s\u0142abos\u0142ysz\u0105cych.<\/li>\n<li>Istnieje mo\u017cliwo\u015b\u0107 skorzystania z bezp\u0142atnych us\u0142ug t\u0142umacza migowego od poniedzia\u0142ku do pi\u0105tku bez konieczno\u015bci wcze\u015bniejszego umawiania si\u0119 w budynku Urz\u0119du Miasta Cz\u0119stochowy przy ul. \u015al\u0105skiej 11\/13 oraz przy ul. Jerzego Waszyngtona 5.<\/li>\n<li><a href=\"https:\/\/bip.czestochowa.pl\/artykul\/71659\/1168909\/raport-o-stanie-zapewniania-dostepnosci-w-urzedzie-miasta-czestochowy\" target=\"_blank\" rel=\"noopener\">Aktualny raport z zapewnienia dost\u0119pno\u015bci<\/a><\/li>\n<li><a href=\"https:\/\/bip.czestochowa.pl\/artykul\/71659\/1171379\/informacja-o-dzialalnosci-urzedu-tekst-odczytywalny-maszynowo\" target=\"_blank\" rel=\"noopener\">Informacja o dzia\u0142alno\u015bci &#8211; tekst odczytywalny maszynowo<\/a><\/li>\n<li><a href=\"https:\/\/bip.czestochowa.pl\/artykul\/71659\/1171378\/informacja-o-dzialalnosci-urzedu-tekst-latwy-do-czytania-etr\" target=\"_blank\" rel=\"noopener\">Informacja o dzia\u0142alno\u015bci w tek\u015bcie \u0142atwym do czytania (ETR)<\/a><\/li>\n<li><a href=\"https:\/\/bip.czestochowa.pl\/artykul\/71659\/1144527\/obsluga-osob-nieslyszacych\" target=\"_blank\" rel=\"noopener\">Informacja o naszej dzia\u0142alno\u015bci w j\u0119zyku migowym (PJM)<\/a><\/li>\n<\/ul>\n<\/section>\n<\/section>\n","protected":false},"excerpt":{"rendered":"<p>Urz\u0105d Miasta Cz\u0119stochowa zobowi\u0105zuje si\u0119 zapewni\u0107 dost\u0119pno\u015b\u0107 swojej strony internetowej zgodnie z ustaw\u0105 z dnia 4 kwietnia 2019 r. o dost\u0119pno\u015bci cyfrowej stron internetowych i aplikacji mobilnych podmiot\u00f3w publicznych. Deklaracja dost\u0119pno\u015bci dotyczy strony http:\/\/www.klimatyczestochowy.pl\/. Data publikacji strony internetowej: 2014-12-04 Data ostatniej istotnej aktualizacji: 2025-09-25 Stan dost\u0119pno\u015bci cyfrowej Ta strona internetowa jest cz\u0119\u015bciowo zgodna z za\u0142\u0105cznikiem [&hellip;]<\/p>\n","protected":false},"author":2,"featured_media":0,"parent":0,"menu_order":0,"comment_status":"closed","ping_status":"closed","template":"","meta":{"footnotes":""},"class_list":["post-1140","page","type-page","status-publish","hentry"],"_links":{"self":[{"href":"http:\/\/www.klimatyczestochowy.pl\/index.php?rest_route=\/wp\/v2\/pages\/1140","targetHints":{"allow":["GET"]}}],"collection":[{"href":"http:\/\/www.klimatyczestochowy.pl\/index.php?rest_route=\/wp\/v2\/pages"}],"about":[{"href":"http:\/\/www.klimatyczestochowy.pl\/index.php?rest_route=\/wp\/v2\/types\/page"}],"author":[{"embeddable":true,"href":"http:\/\/www.klimatyczestochowy.pl\/index.php?rest_route=\/wp\/v2\/users\/2"}],"replies":[{"embeddable":true,"href":"http:\/\/www.klimatyczestochowy.pl\/index.php?rest_route=%2Fwp%2Fv2%2Fcomments&post=1140"}],"version-history":[{"count":29,"href":"http:\/\/www.klimatyczestochowy.pl\/index.php?rest_route=\/wp\/v2\/pages\/1140\/revisions"}],"predecessor-version":[{"id":1695,"href":"http:\/\/www.klimatyczestochowy.pl\/index.php?rest_route=\/wp\/v2\/pages\/1140\/revisions\/1695"}],"wp:attachment":[{"href":"http:\/\/www.klimatyczestochowy.pl\/index.php?rest_route=%2Fwp%2Fv2%2Fmedia&parent=1140"}],"curies":[{"name":"wp","href":"https:\/\/api.w.org\/{rel}","templated":true}]}}